{"id":426,"date":"2016-03-16T23:14:54","date_gmt":"2016-03-16T21:14:54","guid":{"rendered":"http:\/\/www.ramsauer.be\/?page_id=426"},"modified":"2016-03-17T01:06:21","modified_gmt":"2016-03-16T23:06:21","slug":"publikationen","status":"publish","type":"page","link":"https:\/\/www.ramsauer.be\/?page_id=426","title":{"rendered":"Publikationen"},"content":{"rendered":"<p>In diesem Bereich finden Sie eigene Publikationen zu verschiedenen Themen. Sie k\u00f6nnen die Artikel auch downloaden. Dazu ben\u00f6tigen Sie den Acrobat Reader, den Sie kostenlos von der Seite von Adobe herunterladen<br \/>\nk\u00f6nnen. Die Links zu den einzelnen pdf Dateien mit den entsprechenden Artikeln erhalten Sie durch einen Klick auf die neben den Artikeln befindlichen Grafiken.<\/p>\n<p>RAMSAUER, J. (2010): Ole Bj\u00f6rn Tuftedal (5.Dan Matsubayashi Shorin Ryu) in Willich &#8211; Anrath. Karate aktuell <strong>2<\/strong>, 30.\u00a0Lehrgang mit Ole Bj\u00f6rn Tuftedal.<\/p>\n<p>[gview file=&#8220;https:\/\/www.ramsauer.be\/wp-content\/uploads\/2016\/03\/Karate022010.pdf&#8220;]<\/p>\n<p>&nbsp;<\/p>\n<p>RAMSAUER, J. (2009): Matsubayashi-ryu Karate Do und Ryukyu-Kobudo Lehrgang in Viersen. Karate aktuell <strong>3<\/strong>, 30.\u00a0Lehrgang mit Frank B\u00e4hr und Steve Trombley.<\/p>\n<p>&nbsp;<\/p>\n<p><span class=\"subtitle\">RAMSAUER, J. (2007): Herbstlehrgang 2006 mit Soke Takayoshi Nagamine.Karate 2, 25.<br \/>\n<\/span>Sohn des Stilbegr\u00fcnders zum ersten Mal in Deutschland<\/p>\n<p><span class=\"subtitle\">RAMSAUER, J. (2006): Erfolgreicher Karatelehrgang mit Frank B\u00e4hr, Toronto. Karate 6, 43.<br \/>\n<\/span>Frank B\u00e4hr zum ersten Mal in Deutschland.<\/p>\n<p><span class=\"subtitle\">RAMSAUER, J. (2006): Neues von der GFP Fl\u00e4che im Neust\u00e4dter Moor. Das Taublatt 56, 22 &#8211; 28.<br \/>\n<\/span>Projekt Neust\u00e4dter Moor &#8211; Entwicklungen<\/p>\n<p><span class=\"subtitle\">RAMSAUER, J. (2006): Die rote Dionaea &#8211; Z\u00fcchtung oder Naturwerk ? Das Taublatt 56, 20 &#8211; 21.<br \/>\n<\/span>Venusfliegenfalle in rot ?<\/p>\n<p>RAMSAUER, J. (2006): Eine Stauden-Oase am Niederrhein. Das Taublatt 55,7 &#8211; 8.<\/p>\n<p>RAMSAUER, J. (2006): Berichte aus anderen Gesellschaften 2005\/1. Das Taublatt 55, 5 &#8211; 6.<\/p>\n<p>RAMSAUER, J. (2005): Ein Eldorado f\u00fcr Technik Fans. Der Meerwasseraquarianer 4, 56 &#8211; 59<\/p>\n<p>RAMSAUER, J. (2004): Internationale Pflanzenmesse (IPM) in Essen aus carnivoren Sicht. Das Taublatt 49, 47 &#8211; 48.<\/p>\n<p>RAMSAUER, J. (2004): Unser Moor 2002\/2003 &#8211; Impressionen. Das Taublatt 49, 43 &#8211; 46.<\/p>\n<p>RAMSAUER, J. (2004): Berichte aus den anderen Gesellschaften. Das Taublatt 48, 45 &#8211; 48.<\/p>\n<p>RAMSAUER, J. (2004): Der carnivore Beitrag der G.F.P zur Messe Haus &amp; Garten 2003. Das Taublatt 48, 9 &#8211; 11.<\/p>\n<p>RAMSAUER, J. (2003): Erwerb einer Fl\u00e4che im Neust\u00e4dter Moor. Das Taublatt 46,35 &#8211; 45.<\/p>\n<p>RAMSAUER, J. (2002): Literaturdienst carnivore Pflanzen 2\/2002. Das Taublatt 44, 48 &#8211; 50.<\/p>\n<p>RAMSAUER, J. (2002): Unser Moor im Garten. Das Taublatt 43, 32 &#8211; 36.<\/p>\n<p>RAMSAUER, J. (2002): Berichte aus anderen Gesellschaften. Das Taublatt 43,17 &#8211; 19.<\/p>\n<p>RAMSAUER, J. (2002): Literaturdienst carnivore Pflanzen 1\/2002. Das Taublatt 43, 13 &#8211; 15.<\/p>\n<p>RAMSAUER, J. (2002): R\u00fcckblick Europ\u00e4ische Karnivoren-Tauschb\u00f6rse in Gent. Das Taublatt 42, 37 &#8211; 41.<\/p>\n<p>RAMSAUER, J. (2001): Orchideen &#8211; Motivbriefmarken &#8211; der O.C.C. stellt sich vor. Ber. Arbkrs. Heim. Och 18 (2), 236 &#8211; 237. (publ. 2002)<\/p>\n<p>[gview file=&#8220;https:\/\/www.ramsauer.be\/wp-content\/uploads\/2016\/03\/AHO2001.pdf&#8220;]<\/p>\n<p>RAMSAUER, J., P. JACOBS (2001): R\u00e4uberische Pilze &#8211; Unbekannte Welten, Teil 3. Das Taublatt 39, 7 &#8211; 11.<\/p>\n<p>RAMSAUER, J., P. JACOBS (2001): R\u00e4uberische Pilze &#8211; Unbekannte Welten, Teil 2. Das Taublatt 38, 20 &#8211; 22.<\/p>\n<p>RAMSAUER, J. (2000): Literaturdienst carnivore Pflanzen 1999\/2. Das Taublatt 38, 13 &#8211; 14.<\/p>\n<p>RAMSAUER, J. (2000): I. Niederrheinische Karnivorenschau im Niederrheinpark Plantaria, Kevelaer-Twisteden. Das Taublatt 38, 8 &#8211; 13.<\/p>\n<p>RAMSAUER, J. (2000): Karnivorenpr\u00e4sentation bei Bogie`s Pflanzenwelt. Das Taublatt 38, 6 &#8211; 7.<\/p>\n<p>RAMSAUER, J. (1999): Sonntags in die Heide. Das Taublatt 37, 25 -26.<\/p>\n<p>RAMSAUER, J. (1999): Literaturdienst carnivore Pflanzen 1999\/1. Das Taublatt 37, 23 -24.<\/p>\n<p>RAMSAUER, J., P. JACOBS (1999): R\u00e4uberische Pilze &#8211; Unbekannte Welten, Teil 1. Das Taublatt 37, 32 &#8211; 34.<\/p>\n<p>RAMSAUER, J. (1999): Literaturdienst karnivore\/insektivore Pflanzen. Das Taublatt 36, 17 &#8211; 18.<\/p>\n<p>RAMSAUER, B., J. RAMSAUER (1999): Beitrag zur Orchideenflora des Karwendelgebirges-Reise in die Eng \u00fcber Lenggries und Sylvensteinsee. Ber. Arbeitskrs. Heim. Orchid. 16 (1), 76 &#8211; 82.<\/p>\n<p>RAMSAUER, J. (1999): Ein au\u00dfergew\u00f6hnliches Hochmoor: Das Hohe Venn. Das Taublatt 33, 41 &#8211; 44.<\/p>\n<p>RAMSAUER, J. (1999): Moore &#8211; Relikte in einer anthropogenen Kulturlandschaft unter besonderer Ber\u00fccksichtigung chemischer und physikalischer Eigenschaften. Das Taublatt 33, 7 -19.<\/p>\n<p>[gview file=&#8220;https:\/\/www.ramsauer.be\/wp-content\/uploads\/2016\/03\/AHO1999.pdf&#8220;]<\/p>\n<p>RAMSAUER, J. (1997): Wiedereinb\u00fcrgerung und Gartenkultur von Orchideen &#8211; Frevel oder Naturschutz ? Ber. Arbeitskrs. Heim. Orchid. 14 (1), 133 &#8211; 140.<\/p>\n<p>[gview file=&#8220;https:\/\/www.ramsauer.be\/wp-content\/uploads\/2016\/03\/AHO1997.pdf&#8220;]<\/p>\n<p>RAMSAUER, J., B. BIERMANN (1996): Die Orchideen des Krepelschrofen in Wallgau. Jour. Eur. Orch. 28 (2), 404 &#8211; 415.<\/p>\n<p>RAMSAUER, J., B. BIERMANN (1995): Beitrag zur Orchideenflora von Oberstdorf (Allg\u00e4u). Ber. Arbeitskrs. Heim. Orchid. 12 (2), 48 &#8211; 59.<\/p>\n<p>RAMSAUER, J. (1995): Aufbruchstimmung in Vietnam. ZMP Marktbericht Ost. Obst und Gem\u00fcse 111, 5.<\/p>\n<p>RAMSAUER, J. (1995): Beobachtungen an Epipactis helleborine (L.) Crantz im Naturschutzgebiet Vogelsangbachtal und Heiligenhaus. Ber. Arbeitskrs. Heim. Orchid. 12 (1), 105 &#8211; 111.<\/p>\n<p>&nbsp;<\/p>\n<p>&nbsp;<\/p>\n<p>&nbsp;<\/p>\n<p>&nbsp;<\/p>\n","protected":false},"excerpt":{"rendered":"<p>In diesem Bereich finden Sie eigene Publikationen zu verschiedenen Themen. Sie k\u00f6nnen die Artikel auch downloaden. Dazu ben\u00f6tigen Sie den Acrobat Reader, den Sie kostenlos von der Seite von Adobe herunterladen k\u00f6nnen. Die Links zu den einzelnen pdf Dateien mit den entsprechenden Artikeln erhalten Sie durch einen Klick auf die neben den Artikeln befindlichen Grafiken. [&hellip;]<\/p>\n","protected":false},"author":1,"featured_media":0,"parent":0,"menu_order":0,"comment_status":"closed","ping_status":"closed","template":"","meta":{"cwp_meta_box_check":"","cwp_rev_product_name":"","cwp_rev_product_image":"","wppr_links":[],"cwp_rev_price":"","wppr_options":[],"wppr_pros":[],"wppr_cons":[],"footnotes":""},"class_list":["post-426","page","type-page","status-publish","hentry"],"wppr_data":[],"_links":{"self":[{"href":"https:\/\/www.ramsauer.be\/index.php?rest_route=\/wp\/v2\/pages\/426"}],"collection":[{"href":"https:\/\/www.ramsauer.be\/index.php?rest_route=\/wp\/v2\/pages"}],"about":[{"href":"https:\/\/www.ramsauer.be\/index.php?rest_route=\/wp\/v2\/types\/page"}],"author":[{"embeddable":true,"href":"https:\/\/www.ramsauer.be\/index.php?rest_route=\/wp\/v2\/users\/1"}],"replies":[{"embeddable":true,"href":"https:\/\/www.ramsauer.be\/index.php?rest_route=%2Fwp%2Fv2%2Fcomments&post=426"}],"version-history":[{"count":7,"href":"https:\/\/www.ramsauer.be\/index.php?rest_route=\/wp\/v2\/pages\/426\/revisions"}],"predecessor-version":[{"id":446,"href":"https:\/\/www.ramsauer.be\/index.php?rest_route=\/wp\/v2\/pages\/426\/revisions\/446"}],"wp:attachment":[{"href":"https:\/\/www.ramsauer.be\/index.php?rest_route=%2Fwp%2Fv2%2Fmedia&parent=426"}],"curies":[{"name":"wp","href":"https:\/\/api.w.org\/{rel}","templated":true}]}}