{"id":192,"date":"2012-09-26T22:30:26","date_gmt":"2012-09-26T22:30:26","guid":{"rendered":"http:\/\/www.hortiblog.de\/?page_id=192"},"modified":"2012-09-26T22:30:26","modified_gmt":"2012-09-26T22:30:26","slug":"uber-mich","status":"publish","type":"page","link":"https:\/\/www.ramsauer.be\/?page_id=192","title":{"rendered":"\u00dcber mich"},"content":{"rendered":"<p>Sich selbst zu beschreiben f\u00e4llt sicherlich schwer und ist eigentlich auch den Menschen vorbehalten, die mich als Person kennen. Diese w\u00fcrden auch eine realistische Einsch\u00e4tzung abgeben und wahrscheinlich auch den Kern genauer treffen, als ich es jemals k\u00f6nnte.<\/p>\n<p>Der Blog ist f\u00fcr mich Ausdruck der Themen, mit denen ich mich in meiner Historie besch\u00e4ftige und soll f\u00fcr mich auch Ventil sein, um Kritik zu \u00e4u\u00dfern. Dabei w\u00fcrde ich mich nat\u00fcrlich freuen, Kommentare zu erhalten. Die Kommentarfunktion ist jedoch nur angemeldeten Benutzern vorbehalten. Die Begr\u00fcndung daf\u00fcr liegt einfach in Spam-Kommentaren, die ich h\u00e4ufiger erhielt und die ich jedes Mal manuell l\u00f6schen mu\u00dfte. Ein wahrlich l\u00e4stiges Unterfangen. Daher mu\u00df der geneigte Kritiker nun sich zun\u00e4chst hier anmelden, um sich einzumischen, aber das sollte kein Hindernis darstellen.<\/p>\n<p>Wer ein wenig mehr \u00fcber mich erfahren m\u00f6chte, kann auch die Links oder facebook bem\u00fchen. So, nun aber viel Spa\u00df auf diesen Seiten.<\/p>\n<p>&nbsp;<\/p>\n<p>Euer<\/p>\n<p>J\u00f6rg Ramsauer<\/p>\n","protected":false},"excerpt":{"rendered":"<p>Sich selbst zu beschreiben f\u00e4llt sicherlich schwer und ist eigentlich auch den Menschen vorbehalten, die mich als Person kennen. Diese w\u00fcrden auch eine realistische Einsch\u00e4tzung abgeben und wahrscheinlich auch den Kern genauer treffen, als ich es jemals k\u00f6nnte. Der Blog ist f\u00fcr mich Ausdruck der Themen, mit denen ich mich in meiner Historie besch\u00e4ftige und [&hellip;]<\/p>\n","protected":false},"author":2,"featured_media":0,"parent":0,"menu_order":0,"comment_status":"open","ping_status":"open","template":"","meta":{"cwp_meta_box_check":"","cwp_rev_product_name":"","cwp_rev_product_image":"","wppr_links":[],"cwp_rev_price":"","wppr_options":[],"wppr_pros":[],"wppr_cons":[],"footnotes":""},"class_list":["post-192","page","type-page","status-publish","hentry"],"wppr_data":[],"_links":{"self":[{"href":"https:\/\/www.ramsauer.be\/index.php?rest_route=\/wp\/v2\/pages\/192"}],"collection":[{"href":"https:\/\/www.ramsauer.be\/index.php?rest_route=\/wp\/v2\/pages"}],"about":[{"href":"https:\/\/www.ramsauer.be\/index.php?rest_route=\/wp\/v2\/types\/page"}],"author":[{"embeddable":true,"href":"https:\/\/www.ramsauer.be\/index.php?rest_route=\/wp\/v2\/users\/2"}],"replies":[{"embeddable":true,"href":"https:\/\/www.ramsauer.be\/index.php?rest_route=%2Fwp%2Fv2%2Fcomments&post=192"}],"version-history":[{"count":0,"href":"https:\/\/www.ramsauer.be\/index.php?rest_route=\/wp\/v2\/pages\/192\/revisions"}],"wp:attachment":[{"href":"https:\/\/www.ramsauer.be\/index.php?rest_route=%2Fwp%2Fv2%2Fmedia&parent=192"}],"curies":[{"name":"wp","href":"https:\/\/api.w.org\/{rel}","templated":true}]}}